{"id":2203,"date":"2021-06-25T14:10:58","date_gmt":"2021-06-25T12:10:58","guid":{"rendered":"https:\/\/www.nicoleking.fr\/?page_id=2203"},"modified":"2021-07-13T19:21:19","modified_gmt":"2021-07-13T17:21:19","slug":"quels-produits-utiliser-pour-limiter-les-impacts-des-techniques-de-peinture","status":"publish","type":"page","link":"https:\/\/www.nicoleking.fr\/fr\/quels-produits-utiliser-pour-limiter-les-impacts-des-techniques-de-peinture\/","title":{"rendered":"Quels produits utiliser pour limiter les impacts des techniques de peinture"},"content":{"rendered":"\t\t<div data-elementor-type=\"wp-page\" data-elementor-id=\"2203\" class=\"elementor elementor-2203\">\n\t\t\t\t\t\t<section class=\"elementor-section elementor-inner-section elementor-element elementor-element-14db3f31 elementor-section-boxed elementor-section-height-default elementor-section-height-default\" data-id=\"14db3f31\" data-element_type=\"section\" data-e-type=\"section\">\n\t\t\t\t\t\t<div class=\"elementor-container elementor-column-gap-default\">\n\t\t\t\t\t<div class=\"elementor-column elementor-col-50 elementor-inner-column elementor-element elementor-element-2db255c8\" data-id=\"2db255c8\" data-element_type=\"column\" data-e-type=\"column\">\n\t\t\t<div class=\"elementor-widget-wrap elementor-element-populated\">\n\t\t\t\t\t\t<div class=\"elementor-element elementor-element-277d80ee elementor-widget elementor-widget-image\" data-id=\"277d80ee\" data-element_type=\"widget\" data-e-type=\"widget\" data-widget_type=\"image.default\">\n\t\t\t\t<div class=\"elementor-widget-container\">\n\t\t\t\t\t\t\t\t\t\t\t\t\t\t\t<img fetchpriority=\"high\" decoding=\"async\" width=\"900\" height=\"900\" src=\"https:\/\/www.nicoleking.fr\/wp-content\/uploads\/2021\/06\/produits-a-utiliser.jpg\" class=\"attachment-full size-full wp-image-2213\" alt=\"Quels produits utiliser\" srcset=\"https:\/\/www.nicoleking.fr\/wp-content\/uploads\/2021\/06\/produits-a-utiliser.jpg 900w, https:\/\/www.nicoleking.fr\/wp-content\/uploads\/2021\/06\/produits-a-utiliser-300x300.jpg 300w, https:\/\/www.nicoleking.fr\/wp-content\/uploads\/2021\/06\/produits-a-utiliser-150x150.jpg 150w, https:\/\/www.nicoleking.fr\/wp-content\/uploads\/2021\/06\/produits-a-utiliser-768x768.jpg 768w\" sizes=\"(max-width: 900px) 100vw, 900px\" \/>\t\t\t\t\t\t\t\t\t\t\t\t\t\t\t<\/div>\n\t\t\t\t<\/div>\n\t\t\t\t\t<\/div>\n\t\t<\/div>\n\t\t\t\t<div class=\"elementor-column elementor-col-50 elementor-inner-column elementor-element elementor-element-395a9b67\" data-id=\"395a9b67\" data-element_type=\"column\" data-e-type=\"column\" data-settings=\"{&quot;background_background&quot;:&quot;classic&quot;}\">\n\t\t\t<div class=\"elementor-widget-wrap elementor-element-populated\">\n\t\t\t\t\t\t<div class=\"elementor-element elementor-element-a667723 elementor-widget elementor-widget-text-editor\" data-id=\"a667723\" data-element_type=\"widget\" data-e-type=\"widget\" data-widget_type=\"text-editor.default\">\n\t\t\t\t<div class=\"elementor-widget-container\">\n\t\t\t\t\t\t\t\t\t<p>En tant qu&rsquo;\u00e9co-artiste engag\u00e9e dans la cause \u00e9cologique, Nicole King utilise des mat\u00e9riaux qui respectent l&rsquo;environnement : huile \u00e0 l&rsquo;eau, turpenoid, vernis dammar, toile de lin,&#8230;<\/p>\t\t\t\t\t\t\t\t<\/div>\n\t\t\t\t<\/div>\n\t\t\t\t\t<\/div>\n\t\t<\/div>\n\t\t\t\t\t<\/div>\n\t\t<\/section>\n\t\t\t\t<section class=\"elementor-section elementor-top-section elementor-element elementor-element-2821fe7 elementor-section-boxed elementor-section-height-default elementor-section-height-default\" data-id=\"2821fe7\" data-element_type=\"section\" data-e-type=\"section\">\n\t\t\t\t\t\t<div class=\"elementor-container elementor-column-gap-default\">\n\t\t\t\t\t<div class=\"elementor-column elementor-col-100 elementor-top-column elementor-element elementor-element-3f78bdc\" data-id=\"3f78bdc\" data-element_type=\"column\" data-e-type=\"column\">\n\t\t\t<div class=\"elementor-widget-wrap elementor-element-populated\">\n\t\t\t\t\t\t<div class=\"elementor-element elementor-element-5388aa0 elementor-widget elementor-widget-text-editor\" data-id=\"5388aa0\" data-element_type=\"widget\" data-e-type=\"widget\" data-widget_type=\"text-editor.default\">\n\t\t\t\t<div class=\"elementor-widget-container\">\n\t\t\t\t\t\t\t\t\t<p>Voici une liste de produits utiliser pour limiter les impacts des techniques de peinture :<\/p>\t\t\t\t\t\t\t\t<\/div>\n\t\t\t\t<\/div>\n\t\t\t\t\t<\/div>\n\t\t<\/div>\n\t\t\t\t\t<\/div>\n\t\t<\/section>\n\t\t\t\t<section class=\"elementor-section elementor-top-section elementor-element elementor-element-8eded1e elementor-section-boxed elementor-section-height-default elementor-section-height-default\" data-id=\"8eded1e\" data-element_type=\"section\" data-e-type=\"section\">\n\t\t\t\t\t\t<div class=\"elementor-container elementor-column-gap-default\">\n\t\t\t\t\t<div class=\"elementor-column elementor-col-100 elementor-top-column elementor-element elementor-element-846fcb7\" data-id=\"846fcb7\" data-element_type=\"column\" data-e-type=\"column\">\n\t\t\t<div class=\"elementor-widget-wrap elementor-element-populated\">\n\t\t\t\t\t\t<div class=\"elementor-element elementor-element-050685a elementor-widget elementor-widget-text-editor\" data-id=\"050685a\" data-element_type=\"widget\" data-e-type=\"widget\" data-widget_type=\"text-editor.default\">\n\t\t\t\t<div class=\"elementor-widget-container\">\n\t\t\t\t\t\t\t\t\t<ul><li>Huile \u00e0 l\u2019eau<\/li><li>Turpenoid natural ou \u00e9quivalent (produit am\u00e9ricain \u00e0 base d\u2019essences naturelles de plantes et d\u2019agrumes, id\u00e9al pour laver les pinceaux) : tremper les pinceaux et ensuite laisser d\u00e9canter le produit afin de le r\u00e9utiliser plusieurs fois.<\/li><li>Papiers recycl\u00e9s<\/li><li>R\u00e9cup\u00e9ration de cadres et toiles anciens et tout mat\u00e9riel de peintre dans les brocantes<\/li><li>Toiles de lin et de coton<\/li><li>\u00c9viter les produits en bombe<\/li><li>Fabriquer soi-m\u00eame son m\u00e9dium \u00e0 base de vernis dammar, d\u2019huile de lin r\u00e9ctifi\u00e9e et de p\u00e9trole d\u00e9saromatis\u00e9<\/li><li>Utiliser du vernis dammar fait maison comme vernis \u00e0 retoucher \u00e0 appliquer au pinceau<\/li><li>Fabriquer soi-m\u00eame son vernis \u00e0 tableaux<\/li><li>Acheter la toile de lin en rouleaux et la tendre soi-m\u00eame sur des ch\u00e2ssis de bois (pr\u00e9f\u00e9rer du bois de plantations g\u00e9r\u00e9es durablement). Elle sera ensuite recouverte \u00e0 la main de colle de peau de lapin (produit naturel).<\/li><\/ul>\t\t\t\t\t\t\t\t<\/div>\n\t\t\t\t<\/div>\n\t\t\t\t\t<\/div>\n\t\t<\/div>\n\t\t\t\t\t<\/div>\n\t\t<\/section>\n\t\t\t\t<\/div>\n\t\t","protected":false},"excerpt":{"rendered":"<p>En tant qu&rsquo;\u00e9co-artiste engag\u00e9e dans la cause \u00e9cologique, Nicole King utilise des mat\u00e9riaux qui respectent l&rsquo;environnement : huile \u00e0 l&rsquo;eau, turpenoid, vernis dammar, toile de lin,&#8230; Voici une liste de produits utiliser pour limiter les impacts des techniques de peinture : Huile \u00e0 l\u2019eau Turpenoid natural ou \u00e9quivalent (produit am\u00e9ricain \u00e0 base d\u2019essences naturelles de [&hellip;]<\/p>\n","protected":false},"author":2,"featured_media":0,"parent":0,"menu_order":0,"comment_status":"closed","ping_status":"closed","template":"","meta":{"_acf_changed":false,"site-sidebar-layout":"right-sidebar","site-content-layout":"plain-container","ast-site-content-layout":"default","site-content-style":"default","site-sidebar-style":"default","ast-global-header-display":"","ast-banner-title-visibility":"","ast-main-header-display":"","ast-hfb-above-header-display":"","ast-hfb-below-header-display":"","ast-hfb-mobile-header-display":"","site-post-title":"","ast-breadcrumbs-content":"","ast-featured-img":"disabled","footer-sml-layout":"","ast-disable-related-posts":"","theme-transparent-header-meta":"default","adv-header-id-meta":"","stick-header-meta":"","header-above-stick-meta":"","header-main-stick-meta":"","header-below-stick-meta":"","astra-migrate-meta-layouts":"default","ast-page-background-enabled":"default","ast-page-background-meta":{"desktop":{"background-color":"","background-image":"","background-repeat":"repeat","background-position":"center center","background-size":"auto","background-attachment":"scroll","background-type":"","background-media":"","overlay-type":"","overlay-color":"","overlay-opacity":"","overlay-gradient":""},"tablet":{"background-color":"","background-image":"","background-repeat":"repeat","background-position":"center center","background-size":"auto","background-attachment":"scroll","background-type":"","background-media":"","overlay-type":"","overlay-color":"","overlay-opacity":"","overlay-gradient":""},"mobile":{"background-color":"","background-image":"","background-repeat":"repeat","background-position":"center center","background-size":"auto","background-attachment":"scroll","background-type":"","background-media":"","overlay-type":"","overlay-color":"","overlay-opacity":"","overlay-gradient":""}},"ast-content-background-meta":{"desktop":{"background-color":"var(--ast-global-color-5)","background-image":"","background-repeat":"repeat","background-position":"center center","background-size":"auto","background-attachment":"scroll","background-type":"","background-media":"","overlay-type":"","overlay-color":"","overlay-opacity":"","overlay-gradient":""},"tablet":{"background-color":"var(--ast-global-color-5)","background-image":"","background-repeat":"repeat","background-position":"center center","background-size":"auto","background-attachment":"scroll","background-type":"","background-media":"","overlay-type":"","overlay-color":"","overlay-opacity":"","overlay-gradient":""},"mobile":{"background-color":"var(--ast-global-color-5)","background-image":"","background-repeat":"repeat","background-position":"center center","background-size":"auto","background-attachment":"scroll","background-type":"","background-media":"","overlay-type":"","overlay-color":"","overlay-opacity":"","overlay-gradient":""}},"footnotes":""},"class_list":["post-2203","page","type-page","status-publish","hentry"],"acf":[],"yoast_head":"<!-- This site is optimized with the Yoast SEO plugin v27.5 - https:\/\/yoast.com\/product\/yoast-seo-wordpress\/ -->\n<title>Quels produits utiliser pour limiter les impacts des techniques de peinture - Nicole King<\/title>\n<meta name=\"robots\" content=\"index, follow, max-snippet:-1, max-image-preview:large, max-video-preview:-1\" \/>\n<link rel=\"canonical\" href=\"https:\/\/www.nicoleking.fr\/fr\/quels-produits-utiliser-pour-limiter-les-impacts-des-techniques-de-peinture\/\" \/>\n<meta property=\"og:locale\" content=\"fr_FR\" \/>\n<meta property=\"og:type\" content=\"article\" \/>\n<meta property=\"og:title\" content=\"Quels produits utiliser pour limiter les impacts des techniques de peinture - Nicole King\" \/>\n<meta property=\"og:description\" content=\"En tant qu&rsquo;\u00e9co-artiste engag\u00e9e dans la cause \u00e9cologique, Nicole King utilise des mat\u00e9riaux qui respectent l&rsquo;environnement : huile \u00e0 l&rsquo;eau, turpenoid, vernis dammar, toile de lin,&#8230; Voici une liste de produits utiliser pour limiter les impacts des techniques de peinture : Huile \u00e0 l\u2019eau Turpenoid natural ou \u00e9quivalent (produit am\u00e9ricain \u00e0 base d\u2019essences naturelles de [&hellip;]\" \/>\n<meta property=\"og:url\" content=\"https:\/\/www.nicoleking.fr\/fr\/quels-produits-utiliser-pour-limiter-les-impacts-des-techniques-de-peinture\/\" \/>\n<meta property=\"og:site_name\" content=\"Nicole King\" \/>\n<meta property=\"article:publisher\" content=\"https:\/\/www.facebook.com\/profile.php?id=100015090904429\" \/>\n<meta property=\"article:modified_time\" content=\"2021-07-13T17:21:19+00:00\" \/>\n<meta property=\"og:image\" content=\"https:\/\/www.nicoleking.fr\/wp-content\/uploads\/2021\/06\/produits-a-utiliser.jpg\" \/>\n<meta name=\"twitter:card\" content=\"summary_large_image\" \/>\n<meta name=\"twitter:label1\" content=\"Dur\u00e9e de lecture estim\u00e9e\" \/>\n\t<meta name=\"twitter:data1\" content=\"1 minute\" \/>\n<script type=\"application\/ld+json\" class=\"yoast-schema-graph\">{\"@context\":\"https:\\\/\\\/schema.org\",\"@graph\":[{\"@type\":\"WebPage\",\"@id\":\"https:\\\/\\\/www.nicoleking.fr\\\/fr\\\/quels-produits-utiliser-pour-limiter-les-impacts-des-techniques-de-peinture\\\/\",\"url\":\"https:\\\/\\\/www.nicoleking.fr\\\/fr\\\/quels-produits-utiliser-pour-limiter-les-impacts-des-techniques-de-peinture\\\/\",\"name\":\"Quels produits utiliser pour limiter les impacts des techniques de peinture - Nicole King\",\"isPartOf\":{\"@id\":\"https:\\\/\\\/www.nicoleking.fr\\\/fr\\\/#website\"},\"primaryImageOfPage\":{\"@id\":\"https:\\\/\\\/www.nicoleking.fr\\\/fr\\\/quels-produits-utiliser-pour-limiter-les-impacts-des-techniques-de-peinture\\\/#primaryimage\"},\"image\":{\"@id\":\"https:\\\/\\\/www.nicoleking.fr\\\/fr\\\/quels-produits-utiliser-pour-limiter-les-impacts-des-techniques-de-peinture\\\/#primaryimage\"},\"thumbnailUrl\":\"https:\\\/\\\/www.nicoleking.fr\\\/wp-content\\\/uploads\\\/2021\\\/06\\\/produits-a-utiliser.jpg\",\"datePublished\":\"2021-06-25T12:10:58+00:00\",\"dateModified\":\"2021-07-13T17:21:19+00:00\",\"breadcrumb\":{\"@id\":\"https:\\\/\\\/www.nicoleking.fr\\\/fr\\\/quels-produits-utiliser-pour-limiter-les-impacts-des-techniques-de-peinture\\\/#breadcrumb\"},\"inLanguage\":\"fr-FR\",\"potentialAction\":[{\"@type\":\"ReadAction\",\"target\":[\"https:\\\/\\\/www.nicoleking.fr\\\/fr\\\/quels-produits-utiliser-pour-limiter-les-impacts-des-techniques-de-peinture\\\/\"]}]},{\"@type\":\"ImageObject\",\"inLanguage\":\"fr-FR\",\"@id\":\"https:\\\/\\\/www.nicoleking.fr\\\/fr\\\/quels-produits-utiliser-pour-limiter-les-impacts-des-techniques-de-peinture\\\/#primaryimage\",\"url\":\"https:\\\/\\\/www.nicoleking.fr\\\/wp-content\\\/uploads\\\/2021\\\/06\\\/produits-a-utiliser.jpg\",\"contentUrl\":\"https:\\\/\\\/www.nicoleking.fr\\\/wp-content\\\/uploads\\\/2021\\\/06\\\/produits-a-utiliser.jpg\"},{\"@type\":\"BreadcrumbList\",\"@id\":\"https:\\\/\\\/www.nicoleking.fr\\\/fr\\\/quels-produits-utiliser-pour-limiter-les-impacts-des-techniques-de-peinture\\\/#breadcrumb\",\"itemListElement\":[{\"@type\":\"ListItem\",\"position\":1,\"name\":\"Accueil\",\"item\":\"https:\\\/\\\/www.nicoleking.fr\\\/fr\\\/\"},{\"@type\":\"ListItem\",\"position\":2,\"name\":\"Quels produits utiliser pour limiter les impacts des techniques de peinture\"}]},{\"@type\":\"WebSite\",\"@id\":\"https:\\\/\\\/www.nicoleking.fr\\\/fr\\\/#website\",\"url\":\"https:\\\/\\\/www.nicoleking.fr\\\/fr\\\/\",\"name\":\"Nicole King\",\"description\":\"Art &amp; Ecologie\",\"publisher\":{\"@id\":\"https:\\\/\\\/www.nicoleking.fr\\\/fr\\\/#organization\"},\"potentialAction\":[{\"@type\":\"SearchAction\",\"target\":{\"@type\":\"EntryPoint\",\"urlTemplate\":\"https:\\\/\\\/www.nicoleking.fr\\\/fr\\\/?s={search_term_string}\"},\"query-input\":{\"@type\":\"PropertyValueSpecification\",\"valueRequired\":true,\"valueName\":\"search_term_string\"}}],\"inLanguage\":\"fr-FR\"},{\"@type\":\"Organization\",\"@id\":\"https:\\\/\\\/www.nicoleking.fr\\\/fr\\\/#organization\",\"name\":\"Nicole King Ecoartist\",\"url\":\"https:\\\/\\\/www.nicoleking.fr\\\/fr\\\/\",\"logo\":{\"@type\":\"ImageObject\",\"inLanguage\":\"fr-FR\",\"@id\":\"https:\\\/\\\/www.nicoleking.fr\\\/fr\\\/#\\\/schema\\\/logo\\\/image\\\/\",\"url\":\"https:\\\/\\\/www.nicoleking.fr\\\/wp-content\\\/uploads\\\/2021\\\/06\\\/LogoNicoleKing.png\",\"contentUrl\":\"https:\\\/\\\/www.nicoleking.fr\\\/wp-content\\\/uploads\\\/2021\\\/06\\\/LogoNicoleKing.png\",\"width\":300,\"height\":127,\"caption\":\"Nicole King Ecoartist\"},\"image\":{\"@id\":\"https:\\\/\\\/www.nicoleking.fr\\\/fr\\\/#\\\/schema\\\/logo\\\/image\\\/\"},\"sameAs\":[\"https:\\\/\\\/www.facebook.com\\\/profile.php?id=100015090904429\",\"https:\\\/\\\/www.instagram.com\\\/nicolekingvolcy\\\/\",\"https:\\\/\\\/www.linkedin.com\\\/in\\\/nicole-king-2768ba69\\\/\"]}]}<\/script>\n<!-- \/ Yoast SEO plugin. -->","yoast_head_json":{"title":"Quels produits utiliser pour limiter les impacts des techniques de peinture - Nicole King","robots":{"index":"index","follow":"follow","max-snippet":"max-snippet:-1","max-image-preview":"max-image-preview:large","max-video-preview":"max-video-preview:-1"},"canonical":"https:\/\/www.nicoleking.fr\/fr\/quels-produits-utiliser-pour-limiter-les-impacts-des-techniques-de-peinture\/","og_locale":"fr_FR","og_type":"article","og_title":"Quels produits utiliser pour limiter les impacts des techniques de peinture - Nicole King","og_description":"En tant qu&rsquo;\u00e9co-artiste engag\u00e9e dans la cause \u00e9cologique, Nicole King utilise des mat\u00e9riaux qui respectent l&rsquo;environnement : huile \u00e0 l&rsquo;eau, turpenoid, vernis dammar, toile de lin,&#8230; Voici une liste de produits utiliser pour limiter les impacts des techniques de peinture : Huile \u00e0 l\u2019eau Turpenoid natural ou \u00e9quivalent (produit am\u00e9ricain \u00e0 base d\u2019essences naturelles de [&hellip;]","og_url":"https:\/\/www.nicoleking.fr\/fr\/quels-produits-utiliser-pour-limiter-les-impacts-des-techniques-de-peinture\/","og_site_name":"Nicole King","article_publisher":"https:\/\/www.facebook.com\/profile.php?id=100015090904429","article_modified_time":"2021-07-13T17:21:19+00:00","og_image":[{"url":"https:\/\/www.nicoleking.fr\/wp-content\/uploads\/2021\/06\/produits-a-utiliser.jpg","type":"","width":"","height":""}],"twitter_card":"summary_large_image","twitter_misc":{"Dur\u00e9e de lecture estim\u00e9e":"1 minute"},"schema":{"@context":"https:\/\/schema.org","@graph":[{"@type":"WebPage","@id":"https:\/\/www.nicoleking.fr\/fr\/quels-produits-utiliser-pour-limiter-les-impacts-des-techniques-de-peinture\/","url":"https:\/\/www.nicoleking.fr\/fr\/quels-produits-utiliser-pour-limiter-les-impacts-des-techniques-de-peinture\/","name":"Quels produits utiliser pour limiter les impacts des techniques de peinture - Nicole King","isPartOf":{"@id":"https:\/\/www.nicoleking.fr\/fr\/#website"},"primaryImageOfPage":{"@id":"https:\/\/www.nicoleking.fr\/fr\/quels-produits-utiliser-pour-limiter-les-impacts-des-techniques-de-peinture\/#primaryimage"},"image":{"@id":"https:\/\/www.nicoleking.fr\/fr\/quels-produits-utiliser-pour-limiter-les-impacts-des-techniques-de-peinture\/#primaryimage"},"thumbnailUrl":"https:\/\/www.nicoleking.fr\/wp-content\/uploads\/2021\/06\/produits-a-utiliser.jpg","datePublished":"2021-06-25T12:10:58+00:00","dateModified":"2021-07-13T17:21:19+00:00","breadcrumb":{"@id":"https:\/\/www.nicoleking.fr\/fr\/quels-produits-utiliser-pour-limiter-les-impacts-des-techniques-de-peinture\/#breadcrumb"},"inLanguage":"fr-FR","potentialAction":[{"@type":"ReadAction","target":["https:\/\/www.nicoleking.fr\/fr\/quels-produits-utiliser-pour-limiter-les-impacts-des-techniques-de-peinture\/"]}]},{"@type":"ImageObject","inLanguage":"fr-FR","@id":"https:\/\/www.nicoleking.fr\/fr\/quels-produits-utiliser-pour-limiter-les-impacts-des-techniques-de-peinture\/#primaryimage","url":"https:\/\/www.nicoleking.fr\/wp-content\/uploads\/2021\/06\/produits-a-utiliser.jpg","contentUrl":"https:\/\/www.nicoleking.fr\/wp-content\/uploads\/2021\/06\/produits-a-utiliser.jpg"},{"@type":"BreadcrumbList","@id":"https:\/\/www.nicoleking.fr\/fr\/quels-produits-utiliser-pour-limiter-les-impacts-des-techniques-de-peinture\/#breadcrumb","itemListElement":[{"@type":"ListItem","position":1,"name":"Accueil","item":"https:\/\/www.nicoleking.fr\/fr\/"},{"@type":"ListItem","position":2,"name":"Quels produits utiliser pour limiter les impacts des techniques de peinture"}]},{"@type":"WebSite","@id":"https:\/\/www.nicoleking.fr\/fr\/#website","url":"https:\/\/www.nicoleking.fr\/fr\/","name":"Nicole King","description":"Art &amp; Ecologie","publisher":{"@id":"https:\/\/www.nicoleking.fr\/fr\/#organization"},"potentialAction":[{"@type":"SearchAction","target":{"@type":"EntryPoint","urlTemplate":"https:\/\/www.nicoleking.fr\/fr\/?s={search_term_string}"},"query-input":{"@type":"PropertyValueSpecification","valueRequired":true,"valueName":"search_term_string"}}],"inLanguage":"fr-FR"},{"@type":"Organization","@id":"https:\/\/www.nicoleking.fr\/fr\/#organization","name":"Nicole King Ecoartist","url":"https:\/\/www.nicoleking.fr\/fr\/","logo":{"@type":"ImageObject","inLanguage":"fr-FR","@id":"https:\/\/www.nicoleking.fr\/fr\/#\/schema\/logo\/image\/","url":"https:\/\/www.nicoleking.fr\/wp-content\/uploads\/2021\/06\/LogoNicoleKing.png","contentUrl":"https:\/\/www.nicoleking.fr\/wp-content\/uploads\/2021\/06\/LogoNicoleKing.png","width":300,"height":127,"caption":"Nicole King Ecoartist"},"image":{"@id":"https:\/\/www.nicoleking.fr\/fr\/#\/schema\/logo\/image\/"},"sameAs":["https:\/\/www.facebook.com\/profile.php?id=100015090904429","https:\/\/www.instagram.com\/nicolekingvolcy\/","https:\/\/www.linkedin.com\/in\/nicole-king-2768ba69\/"]}]}},"_links":{"self":[{"href":"https:\/\/www.nicoleking.fr\/fr\/wp-json\/wp\/v2\/pages\/2203","targetHints":{"allow":["GET"]}}],"collection":[{"href":"https:\/\/www.nicoleking.fr\/fr\/wp-json\/wp\/v2\/pages"}],"about":[{"href":"https:\/\/www.nicoleking.fr\/fr\/wp-json\/wp\/v2\/types\/page"}],"author":[{"embeddable":true,"href":"https:\/\/www.nicoleking.fr\/fr\/wp-json\/wp\/v2\/users\/2"}],"replies":[{"embeddable":true,"href":"https:\/\/www.nicoleking.fr\/fr\/wp-json\/wp\/v2\/comments?post=2203"}],"version-history":[{"count":0,"href":"https:\/\/www.nicoleking.fr\/fr\/wp-json\/wp\/v2\/pages\/2203\/revisions"}],"wp:attachment":[{"href":"https:\/\/www.nicoleking.fr\/fr\/wp-json\/wp\/v2\/media?parent=2203"}],"curies":[{"name":"wp","href":"https:\/\/api.w.org\/{rel}","templated":true}]}}